{"id":5047,"date":"2025-12-11T09:52:52","date_gmt":"2025-12-11T08:52:52","guid":{"rendered":"https:\/\/hi-technologies.ch\/?page_id=5047"},"modified":"2026-01-20T14:09:43","modified_gmt":"2026-01-20T13:09:43","slug":"contact","status":"publish","type":"page","link":"https:\/\/hi-technologies.fr\/fr\/contact\/","title":{"rendered":"Contactez notre filiale France"},"content":{"rendered":"\n\n\n\n\n\n\n\n\n<section id=\"block_ede0eec011d64f3df5c9de43642330b6\" class=\"c-contact-cta relative isolate bg-white px-6 py-16 sm:py-24 lg:px-8 \">\n  \n    <img src=\"https:\/\/hi-technologies.fr\/app\/themes\/hi-tech-light\/assets\/img\/contact-grid2.svg\" alt=\"\" aria-hidden=\"true\" decoding=\"async\" loading=\"lazy\" class=\"c-contact-cta__bg\" \/>\n\n  <div class=\"mx-auto max-w-xl lg:max-w-5xl\">\n\n                    \n\n        <div class=\"lg:flex lg:items-stretch lg:gap-16\">\n      \n            <div class=\"lg:flex-1 lg:flex lg:flex-col lg:gap-10\">\n        <div class=\"c-contact-cta__header js-reveal\" data-reveal-from=\"up\" data-reveal-distance=\"32\" data-reveal-once=\"true\">\n          <h2 class=\"text-3xl md:text-4xl fw-600 leading-tight mb-8 mt-16 js-reveal\">Contactez-nous<\/h2>          <p class=\"mt-3 text-base leading-relaxed text-gray-600 max-w-2xl\">Vous avez un projet, besoin d\u2019un devis ou simplement envie d\u2019en savoir plus sur nos solutions ? Notre \u00e9quipe est l\u00e0 pour vous accompagner, r\u00e9pondre \u00e0 vos questions ou vous guider vers le bon service.<\/p>        <\/div>\n\n        <div class=\"c-contact-cta__form lg:flex-1 js-reveal\">\n          \n                    <div id=\"form-container\" style=\"display: block;\">\n\n                                    \n            \n                                                \n                                                                                                                \n                                <div class=\"bg-gray-50 border border-gray-200 rounded-xl p-8 text-center shadow-sm\">\n                    <h3 class=\"text-xl font-bold mb-4\">Envoyez-nous votre demande<\/h3>\n                    <p class=\"text-gray-600 mb-8\">\n                        Notre formulaire est momentan\u00e9ment indisponible pour maintenance technique.<br>Merci de nous contacter directement par email, nous vous r\u00e9pondrons dans les meilleurs d\u00e9lais.\n                    <\/p>\n                    \n                    <a href=\"mailto:xavier.phanchi@hi-technologies.fr?subject=Demande de contact via site Web\" \n                       class=\"cta_btn cta_btn--wipe cta_btn--md tone-teal cta_btn--filled inline-flex items-center gap-3\">\n                       <svg xmlns=\"http:\/\/www.w3.org\/2000\/svg\" width=\"20\" height=\"20\" viewBox=\"0 0 24 24\"><path fill=\"currentColor\" d=\"M4 20q-.825 0-1.412-.587T2 18V6q0-.825.588-1.412T4 4h16q.825 0 1.413.588T22 6v12q0 .825-.587 1.413T20 20zm8-7l8-5V6l-8 5l-8-5v2z\"\/><\/svg>\n                       <span>Envoyer un email<\/span>\n                    <\/a>\n                <\/div>\n\n            \n            \n          <\/div>\n\n        <\/div>\n      <\/div>\n\n                          <aside class=\"c-contact-cta__quote lg:w-80 lg:flex-none lg:self-center js-reveal\">\n                       <div class=\"c-contact-cta__info-card\">\n                                              <div class=\"c-contact-cta__info-row\">\n                  <div class=\"c-contact-cta__info-label\">T\u00e9l\u00e9phone<\/div>\n                  <div class=\"c-contact-cta__info-value\"><a href=\"tel:+33184730234\">+33 1 84 73 02 34<\/a><\/div>\n                <\/div>\n              \n                              <div class=\"c-contact-cta__info-row\">\n                  <div class=\"c-contact-cta__info-label\">Adresse<\/div>\n                  <div class=\"c-contact-cta__info-value\"><p><strong>Hi Technologies<\/strong><br \/>\n5 Rue du Petit Robinson,<br \/>\n78350 Jouy-en-Josas<br \/>\nFrance<\/p>\n<\/div>\n                <\/div>\n              \n                              <div class=\"c-contact-cta__info-row\">\n                  <div class=\"c-contact-cta__info-label sr-only\">Itin\u00e9raire<\/div>\n                  <div class=\"c-contact-cta__info-value\">\n                    <a href=\"https:\/\/www.google.com\/maps?sca_esv=f08c6aca23dd25bd&#038;sxsrf=AE3TifM4xagX8M44wKrZeMV0jv7XMmrjPg:1765442862569&#038;gs_lp=Egxnd3Mtd2l6LXNlcnAiGWhpLXRlY2hub2xvZ2llcyBqb3V5IGVuIGoqAggAMgUQIRigAUj-J1D5CljSHXABeAGQAQCYAWagAe8FqgEDOC4xuAEDyAEA-AEBmAIKoAKcBsICChAAGLADGNYEGEfCAgYQABgWGB7CAggQABgWGAoYHsICBRAAGO8FwgIIEAAYgAQYogTCAgQQIRgVmAMAiAYBkAYCkgcDOC4yoAeGI7IHAzcuMrgHlwbCBwUxLjUuNMgHGoAIAA&#038;um=1&#038;ie=UTF-8&#038;fb=1&#038;gl=fr&#038;sa=X&#038;geocode=KckikLqqh6UmMXf6emfq3jcw&#038;daddr=5+Rue+du+Petit+Robinson,+78350+Jouy-en-Josas\" target=\"_blank\" rel=\"noopener\" class=\"cta_link\">Voir l\u2019itin\u00e9raire<\/a>\n                  <\/div>\n                <\/div>\n              \n                              <div class=\"c-contact-cta__info-row\">\n                  <div class=\"c-contact-cta__info-label\">Horaires<\/div>\n                  <div class=\"c-contact-cta__info-value\"><p><strong>Du lundi au vendredi<\/strong><br \/>\n8h &#8211; 18h<\/p>\n<\/div>\n                <\/div>\n                          <\/div>\n          \n                                <figure class=\"c-contact-cta__quote-figure mt-8\">\n              <blockquote class=\"text-base font-semibold leading-7 text-gray-900\">\n                <p>&#8220;Derri\u00e8re chaque id\u00e9e simple se cache souvent un syst\u00e8me complexe. Notre mission : g\u00e9rer cette complexit\u00e9 pour que, pour vous, tout reste simple et intuitif.&#8221;<\/p>\n\n              <\/blockquote>\n                              <figcaption class=\"mt-6 flex items-center gap-x-4\">\n                                      <img decoding=\"async\" src=\"https:\/\/hi-technologies.fr\/app\/uploads\/2025\/11\/hi-technologies-08-Portrait-Xavier.png\" alt=\"Xavier Phan-Chi\" class=\"h-14 w-14 flex-none rounded-full object-cover bg-gray-100\" \/>\n                                    <div>\n                    <div class=\"text-base font-semibold text-gray-900\">Xavier Phan-Chi<\/div>                    <div class=\"text-sm text-gray-600\">Directeur Filiale France \u2013 Hi Technologies<\/div>                  <\/div>\n                <\/figcaption>\n                          <\/figure>\n                  <\/aside>\n      \n    <\/div>\n  <\/div>\n<\/section>\n\n\n<p><\/p>\n","protected":false},"excerpt":{"rendered":"","protected":false},"author":1,"featured_media":0,"parent":0,"menu_order":0,"comment_status":"closed","ping_status":"closed","template":"","meta":{"_acf_changed":false,"inline_featured_image":false,"footnotes":""},"domaine_solution":[],"class_list":["post-5047","page","type-page","status-publish","hentry"],"acf":[],"yoast_head":"<!-- This site is optimized with the Yoast SEO plugin v25.8 - https:\/\/yoast.com\/wordpress\/plugins\/seo\/ -->\n<title>Contactez notre filiale France - Hi-Technologies<\/title>\n<meta name=\"description\" content=\"Contactez Hi Technologies : Visite Showroom, devis, support audiovisuel, maintenance et expertise pour vos installations AV professionnelles\" \/>\n<meta name=\"robots\" content=\"index, follow, max-snippet:-1, max-image-preview:large, max-video-preview:-1\" \/>\n<link rel=\"canonical\" href=\"https:\/\/hi-technologies.fr\/fr\/contact\/\" \/>\n<meta property=\"og:locale\" content=\"fr_FR\" \/>\n<meta property=\"og:type\" content=\"article\" \/>\n<meta property=\"og:title\" content=\"Contactez notre filiale France - Hi-Technologies\" \/>\n<meta property=\"og:description\" content=\"Contactez Hi Technologies : Visite Showroom, devis, support audiovisuel, maintenance et expertise pour vos installations AV professionnelles\" \/>\n<meta property=\"og:url\" content=\"https:\/\/hi-technologies.fr\/fr\/contact\/\" \/>\n<meta property=\"og:site_name\" content=\"Hi-Technologies\" \/>\n<meta property=\"article:modified_time\" content=\"2026-01-20T13:09:43+00:00\" \/>\n<meta name=\"twitter:card\" content=\"summary_large_image\" \/>\n<script type=\"application\/ld+json\" class=\"yoast-schema-graph\">{\"@context\":\"https:\/\/schema.org\",\"@graph\":[{\"@type\":\"WebPage\",\"@id\":\"https:\/\/hi-technologies.fr\/fr\/contact\/\",\"url\":\"https:\/\/hi-technologies.fr\/fr\/contact\/\",\"name\":\"Contactez notre filiale France - Hi-Technologies\",\"isPartOf\":{\"@id\":\"https:\/\/hi-technologies.fr\/fr\/#website\"},\"datePublished\":\"2025-12-11T08:52:52+00:00\",\"dateModified\":\"2026-01-20T13:09:43+00:00\",\"description\":\"Contactez Hi Technologies : Visite Showroom, devis, support audiovisuel, maintenance et expertise pour vos installations AV professionnelles\",\"breadcrumb\":{\"@id\":\"https:\/\/hi-technologies.fr\/fr\/contact\/#breadcrumb\"},\"inLanguage\":\"fr-FR\",\"potentialAction\":[{\"@type\":\"ReadAction\",\"target\":[\"https:\/\/hi-technologies.fr\/fr\/contact\/\"]}]},{\"@type\":\"BreadcrumbList\",\"@id\":\"https:\/\/hi-technologies.fr\/fr\/contact\/#breadcrumb\",\"itemListElement\":[{\"@type\":\"ListItem\",\"position\":1,\"name\":\"Home\",\"item\":\"https:\/\/hi-technologies.fr\/fr\/\"},{\"@type\":\"ListItem\",\"position\":2,\"name\":\"Contactez notre filiale France\"}]},{\"@type\":\"WebSite\",\"@id\":\"https:\/\/hi-technologies.fr\/fr\/#website\",\"url\":\"https:\/\/hi-technologies.fr\/fr\/\",\"name\":\"Hi-Technologies\",\"description\":\"\",\"publisher\":{\"@id\":\"https:\/\/hi-technologies.fr\/fr\/#organization\"},\"potentialAction\":[{\"@type\":\"SearchAction\",\"target\":{\"@type\":\"EntryPoint\",\"urlTemplate\":\"https:\/\/hi-technologies.fr\/fr\/?s={search_term_string}\"},\"query-input\":{\"@type\":\"PropertyValueSpecification\",\"valueRequired\":true,\"valueName\":\"search_term_string\"}}],\"inLanguage\":\"fr-FR\"},{\"@type\":\"Organization\",\"@id\":\"https:\/\/hi-technologies.fr\/fr\/#organization\",\"name\":\"Hi-Technologies\",\"url\":\"https:\/\/hi-technologies.fr\/fr\/\",\"logo\":{\"@type\":\"ImageObject\",\"inLanguage\":\"fr-FR\",\"@id\":\"https:\/\/hi-technologies.fr\/fr\/#\/schema\/logo\/image\/\",\"url\":\"https:\/\/hi-technologies.fr\/app\/uploads\/2026\/01\/hi-technologies_logo_fr-1.png\",\"contentUrl\":\"https:\/\/hi-technologies.fr\/app\/uploads\/2026\/01\/hi-technologies_logo_fr-1.png\",\"width\":802,\"height\":273,\"caption\":\"Hi-Technologies\"},\"image\":{\"@id\":\"https:\/\/hi-technologies.fr\/fr\/#\/schema\/logo\/image\/\"},\"sameAs\":[\"https:\/\/www.linkedin.com\/company\/hitechnologies\/\"]}]}<\/script>\n<!-- \/ Yoast SEO plugin. -->","yoast_head_json":{"title":"Contactez notre filiale France - Hi-Technologies","description":"Contactez Hi Technologies : Visite Showroom, devis, support audiovisuel, maintenance et expertise pour vos installations AV professionnelles","robots":{"index":"index","follow":"follow","max-snippet":"max-snippet:-1","max-image-preview":"max-image-preview:large","max-video-preview":"max-video-preview:-1"},"canonical":"https:\/\/hi-technologies.fr\/fr\/contact\/","og_locale":"fr_FR","og_type":"article","og_title":"Contactez notre filiale France - Hi-Technologies","og_description":"Contactez Hi Technologies : Visite Showroom, devis, support audiovisuel, maintenance et expertise pour vos installations AV professionnelles","og_url":"https:\/\/hi-technologies.fr\/fr\/contact\/","og_site_name":"Hi-Technologies","article_modified_time":"2026-01-20T13:09:43+00:00","twitter_card":"summary_large_image","schema":{"@context":"https:\/\/schema.org","@graph":[{"@type":"WebPage","@id":"https:\/\/hi-technologies.fr\/fr\/contact\/","url":"https:\/\/hi-technologies.fr\/fr\/contact\/","name":"Contactez notre filiale France - Hi-Technologies","isPartOf":{"@id":"https:\/\/hi-technologies.fr\/fr\/#website"},"datePublished":"2025-12-11T08:52:52+00:00","dateModified":"2026-01-20T13:09:43+00:00","description":"Contactez Hi Technologies : Visite Showroom, devis, support audiovisuel, maintenance et expertise pour vos installations AV professionnelles","breadcrumb":{"@id":"https:\/\/hi-technologies.fr\/fr\/contact\/#breadcrumb"},"inLanguage":"fr-FR","potentialAction":[{"@type":"ReadAction","target":["https:\/\/hi-technologies.fr\/fr\/contact\/"]}]},{"@type":"BreadcrumbList","@id":"https:\/\/hi-technologies.fr\/fr\/contact\/#breadcrumb","itemListElement":[{"@type":"ListItem","position":1,"name":"Home","item":"https:\/\/hi-technologies.fr\/fr\/"},{"@type":"ListItem","position":2,"name":"Contactez notre filiale France"}]},{"@type":"WebSite","@id":"https:\/\/hi-technologies.fr\/fr\/#website","url":"https:\/\/hi-technologies.fr\/fr\/","name":"Hi-Technologies","description":"","publisher":{"@id":"https:\/\/hi-technologies.fr\/fr\/#organization"},"potentialAction":[{"@type":"SearchAction","target":{"@type":"EntryPoint","urlTemplate":"https:\/\/hi-technologies.fr\/fr\/?s={search_term_string}"},"query-input":{"@type":"PropertyValueSpecification","valueRequired":true,"valueName":"search_term_string"}}],"inLanguage":"fr-FR"},{"@type":"Organization","@id":"https:\/\/hi-technologies.fr\/fr\/#organization","name":"Hi-Technologies","url":"https:\/\/hi-technologies.fr\/fr\/","logo":{"@type":"ImageObject","inLanguage":"fr-FR","@id":"https:\/\/hi-technologies.fr\/fr\/#\/schema\/logo\/image\/","url":"https:\/\/hi-technologies.fr\/app\/uploads\/2026\/01\/hi-technologies_logo_fr-1.png","contentUrl":"https:\/\/hi-technologies.fr\/app\/uploads\/2026\/01\/hi-technologies_logo_fr-1.png","width":802,"height":273,"caption":"Hi-Technologies"},"image":{"@id":"https:\/\/hi-technologies.fr\/fr\/#\/schema\/logo\/image\/"},"sameAs":["https:\/\/www.linkedin.com\/company\/hitechnologies\/"]}]}},"_links":{"self":[{"href":"https:\/\/hi-technologies.fr\/fr\/wp-json\/wp\/v2\/pages\/5047","targetHints":{"allow":["GET"]}}],"collection":[{"href":"https:\/\/hi-technologies.fr\/fr\/wp-json\/wp\/v2\/pages"}],"about":[{"href":"https:\/\/hi-technologies.fr\/fr\/wp-json\/wp\/v2\/types\/page"}],"author":[{"embeddable":true,"href":"https:\/\/hi-technologies.fr\/fr\/wp-json\/wp\/v2\/users\/1"}],"replies":[{"embeddable":true,"href":"https:\/\/hi-technologies.fr\/fr\/wp-json\/wp\/v2\/comments?post=5047"}],"version-history":[{"count":15,"href":"https:\/\/hi-technologies.fr\/fr\/wp-json\/wp\/v2\/pages\/5047\/revisions"}],"predecessor-version":[{"id":6251,"href":"https:\/\/hi-technologies.fr\/fr\/wp-json\/wp\/v2\/pages\/5047\/revisions\/6251"}],"wp:attachment":[{"href":"https:\/\/hi-technologies.fr\/fr\/wp-json\/wp\/v2\/media?parent=5047"}],"wp:term":[{"taxonomy":"domaine_solution","embeddable":true,"href":"https:\/\/hi-technologies.fr\/fr\/wp-json\/wp\/v2\/domaine_solution?post=5047"}],"curies":[{"name":"wp","href":"https:\/\/api.w.org\/{rel}","templated":true}]}}